{"id":20142,"date":"2020-02-06T20:09:38","date_gmt":"2020-02-06T19:09:38","guid":{"rendered":"https:\/\/www.robheldoorn.nl\/?page_id=20142"},"modified":"2020-06-09T18:10:52","modified_gmt":"2020-06-09T16:10:52","slug":"de-5-coolste-maya-ruines","status":"publish","type":"page","link":"https:\/\/www.robheldoorn.nl\/?page_id=20142","title":{"rendered":"Top 5: Maya ru\u00efnes"},"content":{"rendered":"<p>De Mayacultuur ontstond rond 2000 v.Chr. in het westen van Guatemala. De Maya\u2019s ontwikkelden een geavanceerd schrift en waren, zeker voor hun tijd, uitzonderlijk bedreven in astrologie, wiskunde, beeldende kunst en architectuur. De door vele raadsels omgeven tempels, diep in de jungles van Honduras, Guatemala en het zuiden van Mexico, zijn de stille getuigen van deze verdwenen cultuur. Ze zijn versierd met steles, inscripties, reli\u00ebfs en hi\u00ebrogliefen die vertellen over de goden, de koningen en militaire operaties. De tempels en de ru\u00efnes van de Mayasteden vormen een topattractie voor iedereen die van geschiedenis houdt. Mijn 5 favoriete Mayasteden zijn:<\/p>\n<h5><a href=\"https:\/\/www.robheldoorn.nl\/?p=12228\"><strong>5: Tulum<\/strong><\/a><\/h5>\n<p>Tulum is een kleine Maya stad uit de late periode in de Mexicaanse provincie Quintana Roo. Het was een havenstad die pas in de 13e eeuw tot bloei kwam. Rondom de stad is een 5 meter brede en 8 meter hoge verdedigingsmuur aangelegd. Tulum ligt op een spectaculair mooie plek, omringt door de hagelwitte stranden van de Rivi\u00e8ra Maya. Het enige nadeel is dat het wordt overspoeld door toeristen omdat het dichtbij grote toeristische centra ligt, zoals Cancun, Playa del Carmen en Cozumel.<\/p>\n<p><img loading=\"lazy\" decoding=\"async\" class=\"alignnone size-full wp-image-19212\" src=\"https:\/\/www.robheldoorn.nl\/wp-content\/uploads\/mx-tulum-prehispanic-1.jpg\" alt=\"\" width=\"1200\" height=\"800\" srcset=\"https:\/\/www.robheldoorn.nl\/wp-content\/uploads\/mx-tulum-prehispanic-1.jpg 1200w, https:\/\/www.robheldoorn.nl\/wp-content\/uploads\/mx-tulum-prehispanic-1-768x512.jpg 768w, https:\/\/www.robheldoorn.nl\/wp-content\/uploads\/mx-tulum-prehispanic-1-420x280.jpg 420w\" sizes=\"auto, (max-width: 1200px) 100vw, 1200px\" \/><\/p>\n<h5><a href=\"https:\/\/www.robheldoorn.nl\/?p=9627\"><strong>4: Copan<\/strong><\/a><\/h5>\n<p>In het uiterste westen van Honduras, vlakbij de grens met Guatemala, liggen de ru\u00efnes van de Maya stad Cop\u00e1n. De stad werd bewoond in de klassieke periode, tussen de 3e en de 9e eeuw. Het was een tamelijk grote stad maar heeft altijd onder invloed gestaan van de hoofdstad Tikal. In Cop\u00e1n is een grote hoeveelheid hi\u00ebroglyfen en steles gevonden die konden worden vertaald en ons veel hebben geleerd over het dagelijks leven van de Maya&#8217;s, hun heersers en hun religie. De stad ligt behoorlijk afgelegen en wordt daardoor maar weinig bezocht.<\/p>\n<p><img loading=\"lazy\" decoding=\"async\" class=\"alignnone size-full wp-image-19286\" src=\"https:\/\/www.robheldoorn.nl\/wp-content\/uploads\/hn-copan-ruinas-1.jpg\" alt=\"\" width=\"1200\" height=\"797\" srcset=\"https:\/\/www.robheldoorn.nl\/wp-content\/uploads\/hn-copan-ruinas-1.jpg 1200w, https:\/\/www.robheldoorn.nl\/wp-content\/uploads\/hn-copan-ruinas-1-768x510.jpg 768w, https:\/\/www.robheldoorn.nl\/wp-content\/uploads\/hn-copan-ruinas-1-420x280.jpg 420w\" sizes=\"auto, (max-width: 1200px) 100vw, 1200px\" \/><\/p>\n<h5><a href=\"https:\/\/www.robheldoorn.nl\/?p=12212\"><strong>3: Chichen Itza<\/strong><\/a><\/h5>\n<p>Chichen Itza is met afstand de meest bekende Maya site. Het ligt centraal in de Mexicaanse provincie Yucatan, op dagtocht afstand van Cancun en Playa del Carmen. Het is een stad uit de post-klassieke periode en kwam pas tot bloei nadat de Maya\u2019s in de 9e eeuw hun steden in het zuiden plotseling verlieten. De belangrijkste attracties zijn de 30 meter hoge trappiramide El Castillo, die in 2007 werd uitgeroepen tot een van de 7 nieuwe wereldwonderen, en het balspelveld waar de aanvoerder van het winnende team aan de goden werd geofferd; de hoogst haalbare eer voor een gewone man.<\/p>\n<p><img loading=\"lazy\" decoding=\"async\" class=\"alignnone size-full wp-image-19175\" src=\"https:\/\/www.robheldoorn.nl\/wp-content\/uploads\/mx-chichenitza-prehispanic-1.jpg\" alt=\"\" width=\"1200\" height=\"797\" srcset=\"https:\/\/www.robheldoorn.nl\/wp-content\/uploads\/mx-chichenitza-prehispanic-1.jpg 1200w, https:\/\/www.robheldoorn.nl\/wp-content\/uploads\/mx-chichenitza-prehispanic-1-768x510.jpg 768w, https:\/\/www.robheldoorn.nl\/wp-content\/uploads\/mx-chichenitza-prehispanic-1-420x280.jpg 420w\" sizes=\"auto, (max-width: 1200px) 100vw, 1200px\" \/><\/p>\n<h5><a href=\"https:\/\/www.robheldoorn.nl\/?p=12218\"><strong>2: Palenque<\/strong><\/a><\/h5>\n<p>Palenque ligt in de Zuid-Mexicaanse provincie Chiapas en is een van de belangrijkste Mayasteden uit de klassieke periode. Het was de regionale hoofdstad en in de 8e eeuw de woonplaats van de beroemde Maya koning Pakal de Grote. Net als de andere steden in het zuiden is Palenque in de 9e eeuw plotseling verlaten, mogelijk als gevolg van een langdurig droge periode waardoor de oogsten mislukten en er oorlogen uitbraken. Het letterlijke \u00e9n figuurlijke hoogtepunt is The Temple of the Cross. Via een lange en brede trap kan je de top van de tempel bereiken vanaf waar je een prachtig uitzicht hebt over de ru\u00efnes en de wijde omgeving.<\/p>\n<p><img loading=\"lazy\" decoding=\"async\" class=\"alignnone size-full wp-image-19182\" src=\"https:\/\/www.robheldoorn.nl\/wp-content\/uploads\/mx-palenque-prehispanic-1.jpg\" alt=\"\" width=\"1200\" height=\"797\" srcset=\"https:\/\/www.robheldoorn.nl\/wp-content\/uploads\/mx-palenque-prehispanic-1.jpg 1200w, https:\/\/www.robheldoorn.nl\/wp-content\/uploads\/mx-palenque-prehispanic-1-768x510.jpg 768w, https:\/\/www.robheldoorn.nl\/wp-content\/uploads\/mx-palenque-prehispanic-1-420x280.jpg 420w\" sizes=\"auto, (max-width: 1200px) 100vw, 1200px\" \/><\/p>\n<h5><a href=\"https:\/\/www.robheldoorn.nl\/?p=12214\"><strong>1: Uxmal<\/strong><\/a><\/h5>\n<p>Uxmal, mijn persoonlijke favoriet, was een zeer machtige stad tijdens de late periode. Het ligt in Yucatan, Mexico en is uitzonderlijk goed bewaard gebleven. Uxmal was een regionale hoofdstad en telde op het hoogtepunt rond de 25.000 inwoners. Tegen het einde van de 12e eeuw verloor de stad een oorlog tegen Mayapan en vanaf dat moment ging het bergafwaarts. Toch bleef de stad bewoont, zelfs tot na de Spaanse invasie in de 16e eeuw. De unieke 35 meter hoge Piramide van de Tovenaar is de topattractie, maar ook andere grote gebouwen, waaronder meerdere tempels en de balspel arena zijn spectaculair mooi.<\/p>\n<p><img loading=\"lazy\" decoding=\"async\" class=\"alignnone size-full wp-image-19224\" src=\"https:\/\/www.robheldoorn.nl\/wp-content\/uploads\/mx-uxmal-prehispanic-1.jpg\" alt=\"\" width=\"1200\" height=\"797\" srcset=\"https:\/\/www.robheldoorn.nl\/wp-content\/uploads\/mx-uxmal-prehispanic-1.jpg 1200w, https:\/\/www.robheldoorn.nl\/wp-content\/uploads\/mx-uxmal-prehispanic-1-768x510.jpg 768w, https:\/\/www.robheldoorn.nl\/wp-content\/uploads\/mx-uxmal-prehispanic-1-420x280.jpg 420w\" sizes=\"auto, (max-width: 1200px) 100vw, 1200px\" \/><\/p>\n","protected":false},"excerpt":{"rendered":"<p>De Mayacultuur ontstond rond 2000 v.Chr. in het westen van Guatemala. De Maya\u2019s ontwikkelden een geavanceerd schrift en waren, zeker voor hun tijd, uitzonderlijk bedreven in astrologie, wiskunde, beeldende kunst en architectuur. De door vele raadsels omgeven tempels, diep in de jungles van Honduras, Guatemala en het zuiden van Mexico, zijn de stille getuigen van deze verdwenen cultuur. Ze zijn<\/p>\n","protected":false},"author":1,"featured_media":0,"parent":0,"menu_order":0,"comment_status":"closed","ping_status":"closed","template":"","meta":{"footnotes":""},"class_list":["post-20142","page","type-page","status-publish","hentry"],"_links":{"self":[{"href":"https:\/\/www.robheldoorn.nl\/index.php?rest_route=\/wp\/v2\/pages\/20142","targetHints":{"allow":["GET"]}}],"collection":[{"href":"https:\/\/www.robheldoorn.nl\/index.php?rest_route=\/wp\/v2\/pages"}],"about":[{"href":"https:\/\/www.robheldoorn.nl\/index.php?rest_route=\/wp\/v2\/types\/page"}],"author":[{"embeddable":true,"href":"https:\/\/www.robheldoorn.nl\/index.php?rest_route=\/wp\/v2\/users\/1"}],"replies":[{"embeddable":true,"href":"https:\/\/www.robheldoorn.nl\/index.php?rest_route=%2Fwp%2Fv2%2Fcomments&post=20142"}],"version-history":[{"count":9,"href":"https:\/\/www.robheldoorn.nl\/index.php?rest_route=\/wp\/v2\/pages\/20142\/revisions"}],"predecessor-version":[{"id":20552,"href":"https:\/\/www.robheldoorn.nl\/index.php?rest_route=\/wp\/v2\/pages\/20142\/revisions\/20552"}],"wp:attachment":[{"href":"https:\/\/www.robheldoorn.nl\/index.php?rest_route=%2Fwp%2Fv2%2Fmedia&parent=20142"}],"curies":[{"name":"wp","href":"https:\/\/api.w.org\/{rel}","templated":true}]}}