{"id":20487,"date":"2020-05-17T10:57:40","date_gmt":"2020-05-17T08:57:40","guid":{"rendered":"https:\/\/www.robheldoorn.nl\/?page_id=20487"},"modified":"2026-05-08T08:17:21","modified_gmt":"2026-05-08T06:17:21","slug":"getallen","status":"publish","type":"page","link":"https:\/\/www.robheldoorn.nl\/?page_id=20487","title":{"rendered":"Getallen"},"content":{"rendered":"<h4>Globe Trotter:<\/h4>\n<p>Aantal highlights bezocht: 968<\/p>\n<p>Top-5 landen in highlights:<br \/>\n1.\u00a0 Verenigde Staten, 88<br \/>\n2.\u00a0 Duitsland, 87<br \/>\n3.\u00a0 Nederland, 84<br \/>\n4.\u00a0 Frankrijk: 78<br \/>\n5.\u00a0 Itali\u00eb, 69<\/p>\n<p>Aantal werelddelen bezocht: 5<br \/>\nAantal landen bezocht: 45<br \/>\nAantal lidstaten van de EU bezocht: 17<br \/>\nAantal staten van de USA bezocht: 14<br \/>\nAantal wereldwonderen bezocht: 7<br \/>\nAantal UNESCO sites bezocht: 211<\/p>\n<p>Meest noordelijke highlight: <a href=\"https:\/\/www.robheldoorn.nl\/?p=23603\">Sara Hild\u00e9n Kunstmuseum<\/a>, FI (61,50 : 23,74)<br \/>\nMeest oostelijke highlight: <a href=\"https:\/\/www.robheldoorn.nl\/?p=24216\">Jiufen<\/a>, TW (25,10 : 121,84)<br \/>\nMeest zuidelijke highlight: <a href=\"https:\/\/www.robheldoorn.nl\/?p=24501\">Iglesia la Compa\u00f1\u00eda de Jes\u00fas<\/a>, PE (-16,40 : -71,54)<br \/>\nMeest westelijke highlight: <a href=\"https:\/\/www.robheldoorn.nl\/?p=9889\">Golden Gate Bridge<\/a>, US (37,81 : -122,47)<\/p>\n<p>Langste wandeling: 22,3 kilometer,\u00a0 Waterliniepad etappe 2<br \/>\nLangste autorit: 1443 kilometer, van Nice naar huis<br \/>\nLangste roadtrip: 7430 kilometer, Rocky Mountains<br \/>\nLangste boottocht: 4,5 uur, Guilin naar Yangshuo<br \/>\nLangste busreis: 520 kilometer, Uxmal naar Palenque<br \/>\nLangste treinreis: 880 kilometer, Cairo naar Aswan<br \/>\nSnelste trein: 326 km\/u, Luoyang naar Xi&#8217;an<br \/>\nHoogste gebouw: 830 meter, Burj Khalifa, Dubai<br \/>\nHoogste punt: 4910 meter, Mirador de los Andes, Peru<br \/>\nLaagste punt: -420 meter, Dode Zee, Ein Gedi, Isra\u00ebl<\/p>\n<h4>Hotels:<\/h4>\n<p>Aantal hotelovernachtingen: 429<br \/>\nDuurste hotelkamer: Hilton Garden Inn London, UK, \u20ac205,-<br \/>\nHoogste hotelkamer: Caesar Park Taipei, Taiwan, 17e etage<br \/>\nHoogst gelegen overnachting: Hotel Hacienda Puno, Peru, 3830 mtr<\/p>\n<h4>Luchtvaart:<\/h4>\n<p>Aantal vluchten: 209<br \/>\nAantal luchthavens: 104<br \/>\nAantal luchtvaartmaatschappijen: 62<br \/>\nAantal vliegtuig types: 46<br \/>\nAantal gevlogen kilometers: 434.789<br \/>\nMeest gevlogen luchtvaartmaatschappij: KLM<br \/>\nMeest gevlogen vliegtuigtype: Airbus A320-200<\/p>\n<p>Langste vluchten:<br \/>\nSingapore &#8211; Amsterdam: 10517<br \/>\nAmsterdam &#8211; Lima: 10511<br \/>\nAmsterdam &#8211; Los Angeles: 8977<br \/>\nBangkok &#8211; Kopenhagen: 8645<br \/>\nAmsterdam &#8211; Houston: 8067<\/p>\n<p>Kortste vluchten:<br \/>\nPraia &#8211; Sao Filipe: 107<br \/>\nAmsterdam &#8211; Brussel: 158<br \/>\nFrankfurt &#8211; Stuttgart: 158<br \/>\nPuerto Plata &#8211; Santa Domingo: 175<br \/>\nWarschau &#8211; Rzeszow: 240<\/p>\n<p>Meeste vluchten per jaar: 2024, 21<br \/>\nGrootste totale afstand per jaar: 2009, 41579 km<\/p>\n<p>Maatschappijen:<br \/>\nAer Lingus, Air Baltic, Air Dolomiti, Air France, Air France Hop, Alitalia, Amelia, American, Arkia, Atlantis, Austrian, Avion Express, Bangkok, Binter Canarias, British, British Airways Express, China Southern, CVsky Cabo Verde, DDA Classic, Delta Connection, Eastern, EasyJet, EgyptAir, Emirates, Etihad, EuroWings, Global Aviation, Golden Myanmar, Hainan, Helvetic, Iberia, Jet, KLM Royal Dutch, KLM Cityhopper, Lauda, LOT Polish, Lufthansa, Lufthansa Cityline, Luxair, MartinAir, Meteorito, Nordic Seaplanes, Northwest, Norwegian, RyanAir, SAS Scandinavian, Scenic, SilkAir, Singapore, SKY Peru, SmartLynx, Swiss International, TAP Portugal, Thai, Transavia, Turkish, United, Vietnam, Vistara, Volotea, Vueling, Wizz<\/p>\n<p>Luchthavens:<br \/>\nABZ, AMS, ANS, ARN, ATH, AUH, BEG, BHX, BIO, BKK, BLD, BOS, BRS, BRU, CAI, CAN, CDG, CPH, CUN, CUZ, DAD, DBX, DCA, DEL, DME, DTW, DUB, EDI, EIN, ETH, FCO, FLR, FRA, GCI, GRQ, HAM, HAN, HEH, HEL, HUI, IAH, INN, ISL, JFK, KTW, KWL, LAS, LAX, LCA, LCY, LGW, LHR, LIM, LIN, LIS, LTN, LUX, LXR, MAD, MAN, MDL, MEM, MME, MSP, MST, MTA, MUC, NAP, NCE, NTE, NZC, ORK, OSL, PEK, POP, PSA, QEC, REP, RGN, RIA, RTM, RZE, SDQ, SFL, SGN, SIN, SSH, STN, STR, SXB, TFN, TFS, TLV, TPE, TPM, TXL, VCE, VDA, VIE, VLC, VNS, WAW, XIY, ZRH<\/p>\n<p>Types:<br \/>\nAirbus A220-100, Airbus A220-300, Airbus A318, Airbus A319, Airbus A320-200, Airbus A320-neo, Airbus A321-100, Airbus A321-200, Airbus A321-neo, Airbus A330-200, Airbus A330-300, Airbus A340-300, Airbus A350-900, Airbus A350-1000, Airbus A380-800, ATR 72-500, ATR 72-600, AVRO RJ-100, BAC One-Eleven 500, BAE Jetstream 41, Boeing 737-300, Boeing 737-400, Boeing 737-500, Boeing 737-700, Boeing 737-800, Boeing 737-900, Boeing 747-400, Boeing 757-200, Boeing 757-300, Boeing 767-300ER, Boeing 777-200ER, Boeing 777-300ER, Boeing 787-900, Bombardier CRJ-900, Bombardier CRJ-1000, Cessna 207, DeHavilland DHC-6, DeHavilland DHC-8\/Q402, Douglas DC-3, Embraer 145, Embraer 170, Embraer 175, Embraer 190, Embraer 195, Embraer 195-E2, Fokker 100<\/p>\n<h4>Highlights:<\/h4>\n<p>Drukste veerdienst ter wereld: <a href=\"https:\/\/www.robheldoorn.nl\/?p=15805\">Staten Island Ferry<\/a>, 25.000.000 passagiers per jaar<br \/>\nEerste nationale park in Nederland: <a href=\"https:\/\/www.robheldoorn.nl\/?p=12987\">Veluwezoom<\/a>, 1930<br \/>\nEerste nationale park ter wereld: <a href=\"https:\/\/www.robheldoorn.nl\/?p=11103\">Yellowstone<\/a>, 1872<br \/>\nEerste stad met meer dan 1 miljoen inwoners: <a href=\"https:\/\/www.robheldoorn.nl\/?p=10740\">Rome<\/a>, 1e t\/m 3e eeuw<br \/>\nEerste stad met meer dan 10 miljoen inwoners: <a href=\"https:\/\/www.robheldoorn.nl\/?p=10074\">New York<\/a>, 1936<br \/>\nGrootste all-year-round skigebied ter wereld: <a href=\"https:\/\/www.robheldoorn.nl\/?p=13559\">Hintertux<\/a>, 22 kilometer<br \/>\nGrootste botanische tuin ter wereld: <a href=\"https:\/\/www.robheldoorn.nl\/?p=10275\">Kew<\/a>, 120 hectare<br \/>\nGrootste computermuseum ter wereld: <a href=\"https:\/\/www.robheldoorn.nl\/?p=23402\">Heinz Nixdorf Museum<\/a>, 25.000 objecten, 6.000m2<br \/>\nGrootste gotische bouwwerk van Europa: <a href=\"https:\/\/www.robheldoorn.nl\/?p=22823\">Paleis des Papes<\/a>, 15.000 m2<br \/>\nGrootste grottenstelsel ter wereld: <a href=\"https:\/\/www.robheldoorn.nl\/?p=11032\">Wind Cave<\/a>, 180 kilometer<br \/>\nGrootste Japanse tuin van Europa: <a href=\"https:\/\/www.robheldoorn.nl\/?p=11266\">Hasselt<\/a>, 2,5 hectare<br \/>\nGrootste kerk van Europa: <a href=\"https:\/\/www.robheldoorn.nl\/?p=9638\">Sint-Pieterbasiliek<\/a>, 15.000 m2<br \/>\nGrootste klok ter wereld: Tsarenklok in <a href=\"https:\/\/www.robheldoorn.nl\/?p=12496\">Kremlin<\/a> Moskow, 210 ton<br \/>\nGrootste kloosterbibliotheek ter wereld: <a href=\"https:\/\/www.robheldoorn.nl\/?p=13620\">Abdij van Admont<\/a>, 70.000 boeken<br \/>\nGrootste kunstcollectie ter wereld: <a href=\"https:\/\/www.robheldoorn.nl\/?p=15763\">Metropolitan Museum of Art<\/a>, 2.1 miljoen objecten<br \/>\nGrootste kunstmuseum ter wereld: <a href=\"https:\/\/www.robheldoorn.nl\/?p=11225\">Louvre<\/a>, 70.000 m2<br \/>\nGrootste land ter wereld: <a href=\"https:\/\/www.robheldoorn.nl\/?cat=31\">Rusland<\/a>, 17.098.242 km2<br \/>\nGrootste levende organisme ter wereld: General Sherman, <a href=\"https:\/\/www.robheldoorn.nl\/?p=9858\">Sequoia NP<\/a>, 1487 m3<br \/>\nGrootste militaire begraafplaats van Nederland: <a href=\"https:\/\/www.robheldoorn.nl\/?p=11347\">Ysselstein<\/a>, 31.585 graven<br \/>\nGrootste paleis van Europa: <a href=\"https:\/\/www.robheldoorn.nl\/?p=9635\">Apostolisch Paleis<\/a>, 162.000 m2<br \/>\nGrootste paleiscomplex ter wereld: <a href=\"https:\/\/www.robheldoorn.nl\/?p=11507\">Verboden Stad Beijing<\/a>, 178 hectare<br \/>\nGrootste plein ter wereld: <a href=\"https:\/\/www.robheldoorn.nl\/?p=11509\">Tiananmen Guangchang<\/a>, 900 x 500 meter<br \/>\nGrootste religieuze bouwwerk ter wereld: <a href=\"https:\/\/www.robheldoorn.nl\/?p=12544\">Ankor Wat<\/a>, 162,6 hectare<br \/>\nGrootste Romeinse aquaduct ter wereld: <a href=\"https:\/\/www.robheldoorn.nl\/?p=22786\">Pont du Gard<\/a>, 275 x 49 meter<br \/>\nGrootste Russisch-Orthodoxe kathedraal ter wereld: <a href=\"https:\/\/www.robheldoorn.nl\/?p=12494\">Christus de Verlosser<\/a> Moskou, 10.000 personen<br \/>\nGrootste schilderij van Europa: <a href=\"https:\/\/www.robheldoorn.nl\/?p=11154\">Panorama Mesdag<\/a>, 120 x 14 meter<br \/>\nGrootste standbeeld ter wereld (als het af is): <a href=\"https:\/\/www.robheldoorn.nl\/?p=11028\">Crazy Horse Memorial<\/a>, 195 x 172 meter<br \/>\nGrootste stoomgemaal ter wereld: <a href=\"https:\/\/www.robheldoorn.nl\/?p=13088\">Woudagemaal<\/a>, 4 miljoen liter per minuut<br \/>\nGrootste handgeknoopte tapijt ter wereld: S<a href=\"https:\/\/www.robheldoorn.nl\/?p=24938\">heikh Zayed Grand Mosque<\/a>, 2,2 miljard knopen<br \/>\nGrootste treinstation ter wereld, <a href=\"https:\/\/www.robheldoorn.nl\/?p=10082\">Grand Central Terminal<\/a>, 44 perrons en 67 sporen<br \/>\nGrootste vesting van Europa, <a href=\"https:\/\/www.robheldoorn.nl\/?p=22777\">Cit\u00e9 de Carcassonne<\/a>, 3km muur en 52 torens<br \/>\nGrootste vulkaan ter wereld: <a href=\"https:\/\/www.robheldoorn.nl\/?p=11103\">Yellowstone<\/a> Caldera, 55 x 72 kilometer<br \/>\nGrootste waterval van Europa: <a href=\"https:\/\/www.robheldoorn.nl\/?p=13502\">Rheinfall<\/a>, 150 x 23 meter<br \/>\nHoogste bevaarbare meer ter wereld: <a href=\"https:\/\/www.robheldoorn.nl\/?p=24516\">Titicacameer<\/a>, 3801 meter<br \/>\nHoogste brugpijler ter wereld: <a href=\"https:\/\/www.robheldoorn.nl\/?p=22780\">Viaduct van Millau<\/a>, 336 meter<br \/>\nHoogste brugdek van Europa: <a href=\"https:\/\/www.robheldoorn.nl\/?p=22780\">Viaduct van Millau<\/a>, 270 meter<br \/>\nHoogste gebouw ter wereld (-2600 tot 1300): <a href=\"https:\/\/www.robheldoorn.nl\/?p=10607\">Piramide van Cheops<\/a> , 137 meter (was 146 m.)<br \/>\nHoogste gebouw ter wereld (1647 tot 1874): <a href=\"https:\/\/www.robheldoorn.nl\/?p=23153\">Kathedraal van Strasbourg<\/a>, 142 meter<br \/>\nHoogste gebouw ter wereld (1874 tot 1876): <a href=\"https:\/\/www.robheldoorn.nl\/?p=24112\">Sankt Nikolaikirche<\/a>, 147 meter<br \/>\nHoogste gebouw ter wereld (1876 tot 1880): <a href=\"https:\/\/www.robheldoorn.nl\/?p=24798\">Kathedraal van Rouen<\/a>, 155 meter<br \/>\nHoogste gebouw ter wereld (1880 tot 1884): <a href=\"https:\/\/www.robheldoorn.nl\/?p=10025\">Dom van Keulen<\/a>, 157 meter<br \/>\nHoogste gebouw ter wereld (1884 tot 1889): <a href=\"https:\/\/www.robheldoorn.nl\/?p=15883\">Washington Monumen<\/a>t, 169 meter<br \/>\nHoogste gebouw ter wereld (1889 tot 1930): <a href=\"https:\/\/www.robheldoorn.nl\/?p=11229\">Eiffeltoren<\/a>, 300 meter<br \/>\nHoogste gebouw ter wereld (1931 tot 1972): <a href=\"https:\/\/www.robheldoorn.nl\/?p=10080\">Empire State Building<\/a>, 381 meter<br \/>\nHoogste gebouw ter wereld (2004 tot 2007): <a href=\"https:\/\/www.robheldoorn.nl\/?p=24195\">Taipei 101<\/a>, 508 meter<br \/>\nHoogste gebouw ter wereld (2007 tot heden): <a href=\"https:\/\/www.robheldoorn.nl\/?p=24904\">Burj Khalifa<\/a>, 830 meter<br \/>\nHoogste reuzenrad ter wereld (2000 tot 2006): <a href=\"https:\/\/www.robheldoorn.nl\/?p=10196\">London Eye<\/a>, 135 meter<br \/>\nHoogste reuzenrad ter wereld (2008 tot 2014): <a href=\"https:\/\/www.robheldoorn.nl\/?p=10826\">Singapore Flyer<\/a>, 165 meter<br \/>\nHoogste reuzenrad ter wereld (2020 tot heden): <a href=\"https:\/\/www.robheldoorn.nl\/?p=24881\">Ain Dubai<\/a>, 250 meter<br \/>\nHoogste tandradtreinbaan ter wereld: <a href=\"https:\/\/www.robheldoorn.nl\/?p=11022\">Pikes Peak Cog Railway<\/a>, 4299 meter<br \/>\nHoogste uitkijkplatform ter wereld: <a href=\"https:\/\/www.robheldoorn.nl\/?p=24904\">Burj Khalifa<\/a>, 148e etage, 585 meter<br \/>\nKleinste land ter wereld: <a href=\"https:\/\/www.robheldoorn.nl\/?cat=5\">Vaticaanstad<\/a>, 0,44 km2<br \/>\nLaagste punt ter wereld: <a href=\"https:\/\/www.robheldoorn.nl\/?p=10420\">Dode Zee<\/a>, 420 meter onder de zeespiegel<br \/>\nLangste hangbrug ter wereld (1883 tot 1903): <a href=\"https:\/\/www.robheldoorn.nl\/?p=10084\">Brooklyn Bridge<\/a>, 486 meter<br \/>\nLangste hangbrug ter wereld (1937 tot 1964): <a href=\"https:\/\/www.robheldoorn.nl\/?p=9889\">Golden Gate Bridge<\/a>, 2700 meter<br \/>\nLangste houten voetgangersbrug ter wereld: <a href=\"https:\/\/www.robheldoorn.nl\/?p=20359\">U Bein Brug<\/a>, 1209 meter<br \/>\nLangste voetgangershangbrug ter wereld (2014 tot 2017): <a href=\"https:\/\/www.robheldoorn.nl\/?p=13555\">Highline 179<\/a>, 406 meter<br \/>\nMeest dichtbevolkte onafhankelijk staat ter wereld: <a href=\"https:\/\/www.robheldoorn.nl\/?p=22874\">Monaco<\/a>, 19.000 inw. per km2<br \/>\nMeeste hoge gebouwen per inwoner: <a href=\"https:\/\/www.robheldoorn.nl\/?p=10416\">Benidorm<\/a>, 1 op 180<br \/>\nWarmste plek ter wereld: Furnace Creek in <a href=\"https:\/\/www.robheldoorn.nl\/?p=9854\">Death Valley<\/a>, 56,7 graden in 1913<\/p>\n","protected":false},"excerpt":{"rendered":"<p>Globe Trotter: Aantal highlights bezocht: 968 Top-5 landen in highlights: 1.\u00a0 Verenigde Staten, 88 2.\u00a0 Duitsland, 87 3.\u00a0 Nederland, 84 4.\u00a0 Frankrijk: 78 5.\u00a0 Itali\u00eb, 69 Aantal werelddelen bezocht: 5 Aantal landen bezocht: 45 Aantal lidstaten van de EU bezocht: 17 Aantal staten van de USA bezocht: 14 Aantal wereldwonderen bezocht: 7 Aantal UNESCO sites bezocht: 211 Meest noordelijke highlight:<\/p>\n","protected":false},"author":1,"featured_media":0,"parent":0,"menu_order":0,"comment_status":"closed","ping_status":"closed","template":"","meta":{"footnotes":""},"class_list":["post-20487","page","type-page","status-publish","hentry"],"_links":{"self":[{"href":"https:\/\/www.robheldoorn.nl\/index.php?rest_route=\/wp\/v2\/pages\/20487","targetHints":{"allow":["GET"]}}],"collection":[{"href":"https:\/\/www.robheldoorn.nl\/index.php?rest_route=\/wp\/v2\/pages"}],"about":[{"href":"https:\/\/www.robheldoorn.nl\/index.php?rest_route=\/wp\/v2\/types\/page"}],"author":[{"embeddable":true,"href":"https:\/\/www.robheldoorn.nl\/index.php?rest_route=\/wp\/v2\/users\/1"}],"replies":[{"embeddable":true,"href":"https:\/\/www.robheldoorn.nl\/index.php?rest_route=%2Fwp%2Fv2%2Fcomments&post=20487"}],"version-history":[{"count":135,"href":"https:\/\/www.robheldoorn.nl\/index.php?rest_route=\/wp\/v2\/pages\/20487\/revisions"}],"predecessor-version":[{"id":25214,"href":"https:\/\/www.robheldoorn.nl\/index.php?rest_route=\/wp\/v2\/pages\/20487\/revisions\/25214"}],"wp:attachment":[{"href":"https:\/\/www.robheldoorn.nl\/index.php?rest_route=%2Fwp%2Fv2%2Fmedia&parent=20487"}],"curies":[{"name":"wp","href":"https:\/\/api.w.org\/{rel}","templated":true}]}}